{"id":9,"date":"2020-04-24T18:17:42","date_gmt":"2020-04-24T16:17:42","guid":{"rendered":"http:\/\/pierregrunberger.fr\/atelier\/?page_id=9"},"modified":"2025-11-04T14:47:51","modified_gmt":"2025-11-04T13:47:51","slug":"qui-suis-je","status":"publish","type":"page","link":"https:\/\/pierregrunberger.fr\/atelier\/","title":{"rendered":"Qui suis-je ?"},"content":{"rendered":"\n<p>En 1986, apr\u00e8s 8 ann\u00e9es de menuiserie-\u00e9b\u00e9nisterie, je me forme pendant 5 ans dans l&rsquo;atelier de mon fr\u00e8re Jean Grunberger, au 34 rue de Laborde \u00e0 Paris, ancien atelier de Beno\u00eet Rolland.<br>D&rsquo;abord beaucoup de r\u00e9parations, de restaurations et apr\u00e8s quatre ann\u00e9es, la fabrication d&rsquo;archets neufs.<br>Apr\u00e8s le d\u00e9part de mon fr\u00e8re, je continue \u00e0 travailler dans cet atelier jusqu&rsquo;en 1994. Les archets de cette p\u00e9riode portent la marque au fer \u00ab\u00a0Dengeval \u00e0 Paris\u00a0\u00bb<br>Puis, c&rsquo;est l&rsquo;installation en Haute-Savoie, \u00e0 la montagne.<br>Pendant 10 ans, je travaille avec l&rsquo;orchestre de la Suisse Romande, l&rsquo;orchestre de chambre de Lausanne, le luthier Lionel Pinget et les musiciens de Lyon et de sa r\u00e9gion. L&rsquo;acad\u00e9mie de musique de Flaine \u00ab\u00a0Musique \u00e0 Flaine\u00a0\u00bb me permets aussi de continuer \u00e0 travailler avec le luthier David Ayache et les musiciens parisiens.<br>Puis, en 2004, c&rsquo;est le retour \u00e0 Paris : je m&rsquo;installe, jusqu&rsquo;en 2009, avec les luthiers Giovanna Chitto et Antoine Lauhl\u00e8re. 2010 est une nouvelle \u00e9tape avec le nouvel atelier du 12 rue Richelieu \u00e0 Gennevilliers, qui est devenu mon lieu de travail pr\u00e9f\u00e9r\u00e9.<\/p>\n\n\n\n<p>J&rsquo;ai \u00e9t\u00e9 jur\u00e9 au concours des Meilleurs Ouvriers de France 2019.<\/p>\n\n\n\n<p>Je suis membre du bureau de IPCI France Europe, association internationale qui se consacre depuis l&rsquo;ann\u00e9e 2000 \u00e0 la question de la pr\u00e9servation du Perrnambouc<\/p>\n\n\n\n<p>Je suis toujours pr\u00e9sent chaque ann\u00e9e \u00e0 Musique \u00e0 Flaine, au mois d&rsquo;ao\u00fbt.<\/p>\n\n\n\n<p><\/p>\n\n\n\n<p>Pierre Grunberger  12 rue Richelieu<\/p>\n\n\n\n<p>92230 Gennevilliers    France<\/p>\n","protected":false},"excerpt":{"rendered":"<p>En 1986, apr\u00e8s 8 ann\u00e9es de menuiserie-\u00e9b\u00e9nisterie, je me forme pendant 5 ans dans l&rsquo;atelier de mon fr\u00e8re Jean Grunberger, au 34 rue de Laborde \u00e0 Paris, ancien atelier de Beno\u00eet Rolland.D&rsquo;abord beaucoup de r\u00e9parations, de restaurations et apr\u00e8s quatre ann\u00e9es, la fabrication d&rsquo;archets neufs.Apr\u00e8s le d\u00e9part de mon fr\u00e8re, je continue \u00e0 travailler dans &hellip; <\/p>\n<p class=\"link-more\"><a href=\"https:\/\/pierregrunberger.fr\/atelier\/\" class=\"more-link\">Continuer la lecture<span class=\"screen-reader-text\"> de &laquo;&nbsp;Qui suis-je ?&nbsp;&raquo;<\/span><\/a><\/p>\n","protected":false},"author":1,"featured_media":0,"parent":0,"menu_order":0,"comment_status":"closed","ping_status":"closed","template":"","meta":{"footnotes":""},"class_list":["post-9","page","type-page","status-publish","hentry"],"jetpack_sharing_enabled":true,"_links":{"self":[{"href":"https:\/\/pierregrunberger.fr\/atelier\/wp-json\/wp\/v2\/pages\/9","targetHints":{"allow":["GET"]}}],"collection":[{"href":"https:\/\/pierregrunberger.fr\/atelier\/wp-json\/wp\/v2\/pages"}],"about":[{"href":"https:\/\/pierregrunberger.fr\/atelier\/wp-json\/wp\/v2\/types\/page"}],"author":[{"embeddable":true,"href":"https:\/\/pierregrunberger.fr\/atelier\/wp-json\/wp\/v2\/users\/1"}],"replies":[{"embeddable":true,"href":"https:\/\/pierregrunberger.fr\/atelier\/wp-json\/wp\/v2\/comments?post=9"}],"version-history":[{"count":11,"href":"https:\/\/pierregrunberger.fr\/atelier\/wp-json\/wp\/v2\/pages\/9\/revisions"}],"predecessor-version":[{"id":64,"href":"https:\/\/pierregrunberger.fr\/atelier\/wp-json\/wp\/v2\/pages\/9\/revisions\/64"}],"wp:attachment":[{"href":"https:\/\/pierregrunberger.fr\/atelier\/wp-json\/wp\/v2\/media?parent=9"}],"curies":[{"name":"wp","href":"https:\/\/api.w.org\/{rel}","templated":true}]}}